{"id":912,"date":"2026-02-24T15:22:43","date_gmt":"2026-02-24T15:22:43","guid":{"rendered":"https:\/\/jdinstalayreforma.com\/?page_id=912"},"modified":"2026-02-24T15:28:48","modified_gmt":"2026-02-24T15:28:48","slug":"politica-de-cookies","status":"publish","type":"page","link":"https:\/\/jdinstalayreforma.com\/index.php\/politica-de-cookies\/","title":{"rendered":"Pol\u00edtica de Cookies"},"content":{"rendered":"\t\t<div data-elementor-type=\"wp-page\" data-elementor-id=\"912\" class=\"elementor elementor-912\">\n\t\t\t\t<div class=\"elementor-element elementor-element-64996d3e e-flex e-con-boxed e-con e-parent\" data-id=\"64996d3e\" data-element_type=\"container\" data-e-type=\"container\">\n\t\t\t\t\t<div class=\"e-con-inner\">\n\t\t\t\t<div class=\"elementor-element elementor-element-1eca29e1 elementor-widget elementor-widget-text-editor\" data-id=\"1eca29e1\" data-element_type=\"widget\" data-e-type=\"widget\" data-widget_type=\"text-editor.default\">\n\t\t\t\t\t\t\t\t\t<h1><b>POL\u00cdTICA DE COOKIES<\/b><\/h1><p data-start=\"1150\" data-end=\"1177\"><a class=\"decorated-link\" href=\"http:\/\/www.jdinstalayreforma.com\" target=\"_new\" rel=\"noopener\" data-start=\"1150\" data-end=\"1175\">www.jdinstalayreforma.com<\/a><\/p><h3><b>1. \u00bfQu\u00e9 son las cookies?<\/b><\/h3><p><span style=\"font-weight: 400;\">Una cookie es un peque\u00f1o archivo que se descarga en el dispositivo del usuario al acceder a determinadas p\u00e1ginas web. Las cookies permiten a una p\u00e1gina web, entre otras cosas, almacenar y recuperar informaci\u00f3n sobre los h\u00e1bitos de navegaci\u00f3n del usuario y mejorar la experiencia de uso.<\/span><\/p><h3><b>2. Responsable<\/b><\/h3><p><span style=\"font-weight: 400;\">Responsable del sitio web:<\/span><\/p><p><b>Jorge Eliecer Rol\u00f3n Navas<\/b><span style=\"font-weight: 400;\"><br \/><\/span><span style=\"font-weight: 400;\">J&amp;D INSTALA Y REFORMA<\/span><span style=\"font-weight: 400;\"><br \/><\/span><span style=\"font-weight: 400;\">Carrer dels Comtes de Bell-Lloc, 90, 4\u00ba 5\u00aa<\/span><span style=\"font-weight: 400;\"><br \/><\/span><span style=\"font-weight: 400;\">08014 Barcelona (Espa\u00f1a)<\/span><\/p><p><span style=\"font-weight: 400;\">Email: jd@jdinstalayreforma.com<\/span><span style=\"font-weight: 400;\"><br \/><\/span><span style=\"font-weight: 400;\">Web: <\/span><a href=\"http:\/\/www.jdinstalayreforma.com\"><span style=\"font-weight: 400;\">www.jdinstalayreforma.com<\/span><\/a><\/p><h3><b>3. Tipos de cookies utilizadas<\/b><\/h3><p><span style=\"font-weight: 400;\">Este sitio web puede utilizar las siguientes categor\u00edas:<\/span><\/p><h4><i><span style=\"font-weight: 400;\">a) Cookies t\u00e9cnicas (necesarias). Permiten la navegaci\u00f3n y el funcionamiento b\u00e1sico del sitio web, como el acceso a formularios o configuraci\u00f3n de preferencias.<\/span><\/i><\/h4><p><span style=\"font-weight: 400;\">Estas cookies no requieren consentimiento.<\/span><\/p><h4><i><span style=\"font-weight: 400;\">b) Cookies de an\u00e1lisis. Permiten cuantificar el n\u00famero de usuarios y realizar medici\u00f3n estad\u00edstica del uso del sitio web para mejorar los servicios ofrecidos.<\/span><\/i><\/h4><h4><i><span style=\"font-weight: 400;\">c) Cookies funcionales. Permiten recordar preferencias del usuario para mejorar la experiencia de navegaci\u00f3n.<\/span><\/i><\/h4><h4><i><span style=\"font-weight: 400;\">d) Cookies de terceros. El sitio puede integrar servicios externos como:<\/span><\/i><\/h4><ul><li style=\"font-weight: 400;\" aria-level=\"1\"><span style=\"font-weight: 400;\">Google Maps<\/span><\/li><li style=\"font-weight: 400;\" aria-level=\"1\"><span style=\"font-weight: 400;\">WhatsApp Business<\/span><\/li><li style=\"font-weight: 400;\" aria-level=\"1\"><span style=\"font-weight: 400;\">Formularios de contacto<\/span><\/li><li style=\"font-weight: 400;\" aria-level=\"1\"><span style=\"font-weight: 400;\">Redes sociales<\/span><\/li><\/ul><p><span style=\"font-weight: 400;\">Estos servicios pueden instalar cookies propias gestionadas por terceros.<\/span><\/p><h3><b>4. Base legal para el uso de cookies<\/b><\/h3><p><span style=\"font-weight: 400;\">El uso de cookies no necesarias se basa en el consentimiento del usuario, conforme al art\u00edculo 22.2 de la Ley 34\/2002 (LSSI-CE) y el Reglamento (UE) 2016\/679 (RGPD).<\/span><\/p><h3><b>5. Gesti\u00f3n y configuraci\u00f3n de cookies<\/b><\/h3><p><span style=\"font-weight: 400;\">El usuario puede aceptar, rechazar o configurar el uso de cookies mediante el banner de configuraci\u00f3n mostrado al acceder al sitio web.<\/span><\/p><p><span style=\"font-weight: 400;\">Adem\u00e1s, puede eliminar o bloquear cookies desde su navegador:<\/span><\/p><ul><li style=\"font-weight: 400;\" aria-level=\"1\"><span style=\"font-weight: 400;\">Chrome: Configuraci\u00f3n \u2192 Privacidad y seguridad<\/span><\/li><li style=\"font-weight: 400;\" aria-level=\"1\"><span style=\"font-weight: 400;\">Firefox: Opciones \u2192 Privacidad<\/span><\/li><li style=\"font-weight: 400;\" aria-level=\"1\"><span style=\"font-weight: 400;\">Safari: Preferencias \u2192 Privacidad<\/span><\/li><li style=\"font-weight: 400;\" aria-level=\"1\"><span style=\"font-weight: 400;\">Edge: Configuraci\u00f3n \u2192 Cookies<\/span><\/li><\/ul><h3><b>6. Conservaci\u00f3n<\/b><\/h3><p><span style=\"font-weight: 400;\">Las cookies se conservar\u00e1n durante el tiempo estrictamente necesario para cumplir su finalidad o hasta que el usuario las elimine desde su navegador.<\/span><\/p><h3><b>7. Actualizaciones<\/b><\/h3><p><span style=\"font-weight: 400;\">Esta Pol\u00edtica de Cookies podr\u00e1 modificarse para adaptarse a cambios legales o t\u00e9cnicos.<\/span><\/p>\t\t\t\t\t\t\t\t<\/div>\n\t\t\t\t\t<\/div>\n\t\t\t\t<\/div>\n\t\t\t\t<\/div>\n\t\t","protected":false},"excerpt":{"rendered":"<p>POL\u00cdTICA DE COOKIES www.jdinstalayreforma.com 1. \u00bfQu\u00e9 son las cookies? Una cookie es un peque\u00f1o archivo que se descarga en el dispositivo del usuario al acceder a determinadas p\u00e1ginas web. Las cookies permiten a una p\u00e1gina web, entre otras cosas, almacenar y recuperar informaci\u00f3n sobre los h\u00e1bitos de navegaci\u00f3n del usuario y mejorar la experiencia de &hellip; <\/p>\n<p class=\"link-more\"><a href=\"https:\/\/jdinstalayreforma.com\/index.php\/politica-de-cookies\/\" class=\"more-link\">Leer m\u00e1s<span class=\"screen-reader-text\"> \u00abPol\u00edtica de Cookies\u00bb<\/span><\/a><\/p>\n","protected":false},"author":1,"featured_media":0,"parent":0,"menu_order":0,"comment_status":"closed","ping_status":"closed","template":"","meta":{"inspiro_hide_title":false,"footnotes":""},"class_list":["post-912","page","type-page","status-publish","hentry"],"_links":{"self":[{"href":"https:\/\/jdinstalayreforma.com\/index.php\/wp-json\/wp\/v2\/pages\/912","targetHints":{"allow":["GET"]}}],"collection":[{"href":"https:\/\/jdinstalayreforma.com\/index.php\/wp-json\/wp\/v2\/pages"}],"about":[{"href":"https:\/\/jdinstalayreforma.com\/index.php\/wp-json\/wp\/v2\/types\/page"}],"author":[{"embeddable":true,"href":"https:\/\/jdinstalayreforma.com\/index.php\/wp-json\/wp\/v2\/users\/1"}],"replies":[{"embeddable":true,"href":"https:\/\/jdinstalayreforma.com\/index.php\/wp-json\/wp\/v2\/comments?post=912"}],"version-history":[{"count":7,"href":"https:\/\/jdinstalayreforma.com\/index.php\/wp-json\/wp\/v2\/pages\/912\/revisions"}],"predecessor-version":[{"id":926,"href":"https:\/\/jdinstalayreforma.com\/index.php\/wp-json\/wp\/v2\/pages\/912\/revisions\/926"}],"wp:attachment":[{"href":"https:\/\/jdinstalayreforma.com\/index.php\/wp-json\/wp\/v2\/media?parent=912"}],"curies":[{"name":"wp","href":"https:\/\/api.w.org\/{rel}","templated":true}]}}