{"id":389,"date":"2026-01-26T03:49:07","date_gmt":"2026-01-26T03:49:07","guid":{"rendered":"http:\/\/jdinstalayreforma.com\/?page_id=389"},"modified":"2026-01-30T16:18:08","modified_gmt":"2026-01-30T16:18:08","slug":"reformas-y-obra","status":"publish","type":"page","link":"https:\/\/jdinstalayreforma.com\/index.php\/reformas-y-obra\/","title":{"rendered":"Reformas y Obra"},"content":{"rendered":"\t\t<div data-elementor-type=\"wp-page\" data-elementor-id=\"389\" class=\"elementor elementor-389\">\n\t\t\t\t<div class=\"elementor-element elementor-element-d16f4f2 e-flex e-con-boxed e-con e-parent\" data-id=\"d16f4f2\" data-element_type=\"container\" data-e-type=\"container\">\n\t\t\t\t\t<div class=\"e-con-inner\">\n\t\t\t\t<div class=\"elementor-element elementor-element-40f4fe5 elementor-widget elementor-widget-heading\" data-id=\"40f4fe5\" data-element_type=\"widget\" data-e-type=\"widget\" data-widget_type=\"heading.default\">\n\t\t\t\t\t<h2 class=\"elementor-heading-title elementor-size-default\">Reformas y Obra<\/h2>\t\t\t\t<\/div>\n\t\t\t\t\t<\/div>\n\t\t\t\t<\/div>\n\t\t<div class=\"elementor-element elementor-element-2fffbb7 e-flex e-con-boxed e-con e-parent\" data-id=\"2fffbb7\" data-element_type=\"container\" data-e-type=\"container\">\n\t\t\t\t\t<div class=\"e-con-inner\">\n\t\t<div class=\"elementor-element elementor-element-65bebf3 e-con-full e-flex e-con e-child\" data-id=\"65bebf3\" data-element_type=\"container\" data-e-type=\"container\">\n\t\t\t\t<div class=\"elementor-element elementor-element-0046589 elementor-widget elementor-widget-text-editor\" data-id=\"0046589\" data-element_type=\"widget\" data-e-type=\"widget\" data-widget_type=\"text-editor.default\">\n\t\t\t\t\t\t\t\t\t<p>Nos especializamos en reformas integrales y parciales, coordinando todos los gremios para que no tengas que preocuparte por nada.<\/p><div>Gestionamos el proyecto completo con planificaci\u00f3n realista, comunicaci\u00f3n constante y resultados visibles.<\/div><div>\u00a0<\/div><div>Servicios incluidos:<\/div><ul><li>Reformas integrales de viviendas y locales<\/li><li>Alba\u00f1iler\u00eda \/ paleter\u00eda<\/li><li>Pladur y distribuci\u00f3n de espacios<\/li><li>Carpinter\u00eda<\/li><li>Pintura interior y exterior<\/li><\/ul><div>Una reforma bien hecha no es solo est\u00e9tica: es funcional, duradera y pensada para tu d\u00eda a d\u00eda.<\/div>\t\t\t\t\t\t\t\t<\/div>\n\t\t\t\t<div class=\"elementor-element elementor-element-174307e elementor-widget elementor-widget-button\" data-id=\"174307e\" data-element_type=\"widget\" data-e-type=\"widget\" data-widget_type=\"button.default\">\n\t\t\t\t\t\t\t\t\t\t<a class=\"elementor-button elementor-button-link elementor-size-sm\" href=\"https:\/\/wa.me\/34645913662?text=Hola%2C%20quiero%20m%C3%A1s%20informaci%C3%B3n\">\n\t\t\t\t\t\t<span class=\"elementor-button-content-wrapper\">\n\t\t\t\t\t\t\t\t\t<span class=\"elementor-button-text\">Pedir presupuesto<\/span>\n\t\t\t\t\t<\/span>\n\t\t\t\t\t<\/a>\n\t\t\t\t\t\t\t\t<\/div>\n\t\t\t\t<\/div>\n\t\t<div class=\"elementor-element elementor-element-f783de8 e-con-full e-flex e-con e-child\" data-id=\"f783de8\" data-element_type=\"container\" data-e-type=\"container\">\n\t\t\t\t<div class=\"elementor-element elementor-element-fd23b1d elementor-widget elementor-widget-image\" data-id=\"fd23b1d\" data-element_type=\"widget\" data-e-type=\"widget\" data-widget_type=\"image.default\">\n\t\t\t\t\t\t\t\t\t\t\t\t\t\t\t<img fetchpriority=\"high\" decoding=\"async\" width=\"800\" height=\"800\" src=\"https:\/\/jdinstalayreforma.com\/wp-content\/uploads\/2026\/01\/01_0001_manual-worker-grinding-metal-steel-objects-workshop-with-tools.jpg\" class=\"attachment-large size-large wp-image-65\" alt=\"\" srcset=\"https:\/\/jdinstalayreforma.com\/wp-content\/uploads\/2026\/01\/01_0001_manual-worker-grinding-metal-steel-objects-workshop-with-tools.jpg 800w, https:\/\/jdinstalayreforma.com\/wp-content\/uploads\/2026\/01\/01_0001_manual-worker-grinding-metal-steel-objects-workshop-with-tools-300x300.jpg 300w, https:\/\/jdinstalayreforma.com\/wp-content\/uploads\/2026\/01\/01_0001_manual-worker-grinding-metal-steel-objects-workshop-with-tools-150x150.jpg 150w\" sizes=\"100vw\" \/>\t\t\t\t\t\t\t\t\t\t\t\t\t\t\t<\/div>\n\t\t\t\t<\/div>\n\t\t\t\t\t<\/div>\n\t\t\t\t<\/div>\n\t\t<div class=\"elementor-element elementor-element-a19711f e-flex e-con-boxed e-con e-parent\" data-id=\"a19711f\" data-element_type=\"container\" data-e-type=\"container\">\n\t\t\t\t\t<div class=\"e-con-inner\">\n\t\t\t\t<div class=\"elementor-element elementor-element-4fda7e8 elementor-widget elementor-widget-spacer\" data-id=\"4fda7e8\" data-element_type=\"widget\" data-e-type=\"widget\" data-widget_type=\"spacer.default\">\n\t\t\t\t\t\t\t<div class=\"elementor-spacer\">\n\t\t\t<div class=\"elementor-spacer-inner\"><\/div>\n\t\t<\/div>\n\t\t\t\t\t\t<\/div>\n\t\t\t\t\t<\/div>\n\t\t\t\t<\/div>\n\t\t\t\t<\/div>\n\t\t","protected":false},"excerpt":{"rendered":"<p>Reformas y Obra Nos especializamos en reformas integrales y parciales, coordinando todos los gremios para que no tengas que preocuparte por nada. Gestionamos el proyecto completo con planificaci\u00f3n realista, comunicaci\u00f3n constante y resultados visibles.\u00a0Servicios incluidos: Reformas integrales de viviendas y locales Alba\u00f1iler\u00eda \/ paleter\u00eda Pladur y distribuci\u00f3n de espacios Carpinter\u00eda Pintura interior y exterior Una &hellip; <\/p>\n<p class=\"link-more\"><a href=\"https:\/\/jdinstalayreforma.com\/index.php\/reformas-y-obra\/\" class=\"more-link\">Leer m\u00e1s<span class=\"screen-reader-text\"> \u00abReformas y Obra\u00bb<\/span><\/a><\/p>\n","protected":false},"author":1,"featured_media":0,"parent":0,"menu_order":0,"comment_status":"closed","ping_status":"closed","template":"","meta":{"inspiro_hide_title":false,"footnotes":""},"class_list":["post-389","page","type-page","status-publish","hentry"],"_links":{"self":[{"href":"https:\/\/jdinstalayreforma.com\/index.php\/wp-json\/wp\/v2\/pages\/389","targetHints":{"allow":["GET"]}}],"collection":[{"href":"https:\/\/jdinstalayreforma.com\/index.php\/wp-json\/wp\/v2\/pages"}],"about":[{"href":"https:\/\/jdinstalayreforma.com\/index.php\/wp-json\/wp\/v2\/types\/page"}],"author":[{"embeddable":true,"href":"https:\/\/jdinstalayreforma.com\/index.php\/wp-json\/wp\/v2\/users\/1"}],"replies":[{"embeddable":true,"href":"https:\/\/jdinstalayreforma.com\/index.php\/wp-json\/wp\/v2\/comments?post=389"}],"version-history":[{"count":11,"href":"https:\/\/jdinstalayreforma.com\/index.php\/wp-json\/wp\/v2\/pages\/389\/revisions"}],"predecessor-version":[{"id":754,"href":"https:\/\/jdinstalayreforma.com\/index.php\/wp-json\/wp\/v2\/pages\/389\/revisions\/754"}],"wp:attachment":[{"href":"https:\/\/jdinstalayreforma.com\/index.php\/wp-json\/wp\/v2\/media?parent=389"}],"curies":[{"name":"wp","href":"https:\/\/api.w.org\/{rel}","templated":true}]}}