{"id":387,"date":"2026-01-26T03:47:52","date_gmt":"2026-01-26T03:47:52","guid":{"rendered":"http:\/\/jdinstalayreforma.com\/?page_id=387"},"modified":"2026-01-30T21:52:19","modified_gmt":"2026-01-30T21:52:19","slug":"electricidad","status":"publish","type":"page","link":"https:\/\/jdinstalayreforma.com\/index.php\/electricidad\/","title":{"rendered":"Electricidad"},"content":{"rendered":"\t\t<div data-elementor-type=\"wp-page\" data-elementor-id=\"387\" class=\"elementor elementor-387\">\n\t\t\t\t<div class=\"elementor-element elementor-element-d16f4f2 e-flex e-con-boxed e-con e-parent\" data-id=\"d16f4f2\" data-element_type=\"container\" data-e-type=\"container\">\n\t\t\t\t\t<div class=\"e-con-inner\">\n\t\t\t\t<div class=\"elementor-element elementor-element-40f4fe5 elementor-widget elementor-widget-heading\" data-id=\"40f4fe5\" data-element_type=\"widget\" data-e-type=\"widget\" data-widget_type=\"heading.default\">\n\t\t\t\t\t<h2 class=\"elementor-heading-title elementor-size-default\">Electricidad<\/h2>\t\t\t\t<\/div>\n\t\t\t\t\t<\/div>\n\t\t\t\t<\/div>\n\t\t<div class=\"elementor-element elementor-element-e60411c e-flex e-con-boxed e-con e-parent\" data-id=\"e60411c\" data-element_type=\"container\" data-e-type=\"container\">\n\t\t\t\t\t<div class=\"e-con-inner\">\n\t\t<div class=\"elementor-element elementor-element-d893270 e-con-full e-flex e-con e-child\" data-id=\"d893270\" data-element_type=\"container\" data-e-type=\"container\">\n\t\t\t\t<div class=\"elementor-element elementor-element-85ebbcd elementor-widget elementor-widget-image\" data-id=\"85ebbcd\" data-element_type=\"widget\" data-e-type=\"widget\" data-widget_type=\"image.default\">\n\t\t\t\t\t\t\t\t\t\t\t\t\t\t\t<img fetchpriority=\"high\" decoding=\"async\" width=\"950\" height=\"950\" src=\"https:\/\/jdinstalayreforma.com\/wp-content\/uploads\/2026\/01\/03-1024x1024.jpg\" class=\"attachment-large size-large wp-image-762\" alt=\"\" srcset=\"https:\/\/jdinstalayreforma.com\/wp-content\/uploads\/2026\/01\/03-1024x1024.jpg 1024w, https:\/\/jdinstalayreforma.com\/wp-content\/uploads\/2026\/01\/03-300x300.jpg 300w, https:\/\/jdinstalayreforma.com\/wp-content\/uploads\/2026\/01\/03-150x150.jpg 150w, https:\/\/jdinstalayreforma.com\/wp-content\/uploads\/2026\/01\/03.jpg 1080w\" sizes=\"100vw\" \/>\t\t\t\t\t\t\t\t\t\t\t\t\t\t\t<\/div>\n\t\t\t\t<\/div>\n\t\t<div class=\"elementor-element elementor-element-14fc383 e-con-full e-flex e-con e-child\" data-id=\"14fc383\" data-element_type=\"container\" data-e-type=\"container\">\n\t\t\t\t<div class=\"elementor-element elementor-element-5dfa5fa elementor-widget elementor-widget-text-editor\" data-id=\"5dfa5fa\" data-element_type=\"widget\" data-e-type=\"widget\" data-widget_type=\"text-editor.default\">\n\t\t\t\t\t\t\t\t\t<p data-start=\"734\" data-end=\"866\">Realizamos <strong data-start=\"745\" data-end=\"817\">instalaciones el\u00e9ctricas seguras, eficientes y adaptadas a normativa<\/strong>, tanto en viviendas como en locales comerciales. Nos encargamos de instalaciones nuevas, renovaciones completas y reparaci\u00f3n de aver\u00edas el\u00e9ctricas, cuidando cada detalle para garantizar seguridad, durabilidad y un acabado limpio.<\/p><p data-start=\"1050\" data-end=\"1074\"><strong data-start=\"1050\" data-end=\"1074\">Servicios incluidos:<\/strong><\/p><ul><li data-start=\"1077\" data-end=\"1137\">Instalaciones el\u00e9ctricas completas en obra nueva o reforma<\/li><li data-start=\"1140\" data-end=\"1180\">Reparaci\u00f3n de aver\u00edas y cortocircuitos<\/li><li data-start=\"1183\" data-end=\"1234\">Sustituci\u00f3n y modernizaci\u00f3n de cuadros el\u00e9ctricos<\/li><li data-start=\"1237\" data-end=\"1290\">Instalaci\u00f3n de puntos de luz, enchufes y mecanismos<\/li><li data-start=\"1293\" data-end=\"1326\">Iluminaci\u00f3n interior y exterior<\/li><\/ul><p data-start=\"1328\" data-end=\"1417\">Trabajamos con materiales de calidad y dejamos todo listo para usar, sin improvisaciones.<\/p>\t\t\t\t\t\t\t\t<\/div>\n\t\t\t\t<div class=\"elementor-element elementor-element-95ca156 elementor-widget elementor-widget-button\" data-id=\"95ca156\" data-element_type=\"widget\" data-e-type=\"widget\" data-widget_type=\"button.default\">\n\t\t\t\t\t\t\t\t\t\t<a class=\"elementor-button elementor-button-link elementor-size-sm\" href=\"https:\/\/wa.me\/34645913662?text=Hola%2C%20quiero%20m%C3%A1s%20informaci%C3%B3n\">\n\t\t\t\t\t\t<span class=\"elementor-button-content-wrapper\">\n\t\t\t\t\t\t\t\t\t<span class=\"elementor-button-text\">Pedir presupuesto<\/span>\n\t\t\t\t\t<\/span>\n\t\t\t\t\t<\/a>\n\t\t\t\t\t\t\t\t<\/div>\n\t\t\t\t<\/div>\n\t\t\t\t\t<\/div>\n\t\t\t\t<\/div>\n\t\t<div class=\"elementor-element elementor-element-96f639f e-flex e-con-boxed e-con e-parent\" data-id=\"96f639f\" data-element_type=\"container\" data-e-type=\"container\">\n\t\t\t\t\t<div class=\"e-con-inner\">\n\t\t\t\t<div class=\"elementor-element elementor-element-5ed23f3 elementor-widget elementor-widget-spacer\" data-id=\"5ed23f3\" data-element_type=\"widget\" data-e-type=\"widget\" data-widget_type=\"spacer.default\">\n\t\t\t\t\t\t\t<div class=\"elementor-spacer\">\n\t\t\t<div class=\"elementor-spacer-inner\"><\/div>\n\t\t<\/div>\n\t\t\t\t\t\t<\/div>\n\t\t\t\t\t<\/div>\n\t\t\t\t<\/div>\n\t\t\t\t<\/div>\n\t\t","protected":false},"excerpt":{"rendered":"<p>Electricidad Realizamos instalaciones el\u00e9ctricas seguras, eficientes y adaptadas a normativa, tanto en viviendas como en locales comerciales. Nos encargamos de instalaciones nuevas, renovaciones completas y reparaci\u00f3n de aver\u00edas el\u00e9ctricas, cuidando cada detalle para garantizar seguridad, durabilidad y un acabado limpio. Servicios incluidos: Instalaciones el\u00e9ctricas completas en obra nueva o reforma Reparaci\u00f3n de aver\u00edas y cortocircuitos &hellip; <\/p>\n<p class=\"link-more\"><a href=\"https:\/\/jdinstalayreforma.com\/index.php\/electricidad\/\" class=\"more-link\">Leer m\u00e1s<span class=\"screen-reader-text\"> \u00abElectricidad\u00bb<\/span><\/a><\/p>\n","protected":false},"author":1,"featured_media":0,"parent":0,"menu_order":0,"comment_status":"closed","ping_status":"closed","template":"","meta":{"inspiro_hide_title":false,"footnotes":""},"class_list":["post-387","page","type-page","status-publish","hentry"],"_links":{"self":[{"href":"https:\/\/jdinstalayreforma.com\/index.php\/wp-json\/wp\/v2\/pages\/387","targetHints":{"allow":["GET"]}}],"collection":[{"href":"https:\/\/jdinstalayreforma.com\/index.php\/wp-json\/wp\/v2\/pages"}],"about":[{"href":"https:\/\/jdinstalayreforma.com\/index.php\/wp-json\/wp\/v2\/types\/page"}],"author":[{"embeddable":true,"href":"https:\/\/jdinstalayreforma.com\/index.php\/wp-json\/wp\/v2\/users\/1"}],"replies":[{"embeddable":true,"href":"https:\/\/jdinstalayreforma.com\/index.php\/wp-json\/wp\/v2\/comments?post=387"}],"version-history":[{"count":16,"href":"https:\/\/jdinstalayreforma.com\/index.php\/wp-json\/wp\/v2\/pages\/387\/revisions"}],"predecessor-version":[{"id":775,"href":"https:\/\/jdinstalayreforma.com\/index.php\/wp-json\/wp\/v2\/pages\/387\/revisions\/775"}],"wp:attachment":[{"href":"https:\/\/jdinstalayreforma.com\/index.php\/wp-json\/wp\/v2\/media?parent=387"}],"curies":[{"name":"wp","href":"https:\/\/api.w.org\/{rel}","templated":true}]}}