{"id":35,"date":"2026-01-26T00:56:01","date_gmt":"2026-01-26T00:56:01","guid":{"rendered":"http:\/\/jdinstalayreforma.com\/?page_id=35"},"modified":"2026-04-06T16:22:05","modified_gmt":"2026-04-06T16:22:05","slug":"quien-soy","status":"publish","type":"page","link":"https:\/\/jdinstalayreforma.com\/index.php\/quien-soy\/","title":{"rendered":"Qui\u00e9n soy"},"content":{"rendered":"\t\t<div data-elementor-type=\"wp-page\" data-elementor-id=\"35\" class=\"elementor elementor-35\">\n\t\t\t\t<div class=\"elementor-element elementor-element-5a5c5b5 e-flex e-con-boxed e-con e-parent\" data-id=\"5a5c5b5\" data-element_type=\"container\" data-e-type=\"container\">\n\t\t\t\t\t<div class=\"e-con-inner\">\n\t\t\t\t<div class=\"elementor-element elementor-element-2128515 elementor-widget elementor-widget-heading\" data-id=\"2128515\" data-element_type=\"widget\" data-e-type=\"widget\" data-widget_type=\"heading.default\">\n\t\t\t\t\t<h2 class=\"elementor-heading-title elementor-size-default\">Qui\u00e9n soy<\/h2>\t\t\t\t<\/div>\n\t\t\t\t\t<\/div>\n\t\t\t\t<\/div>\n\t\t<div class=\"elementor-element elementor-element-f19abdf e-flex e-con-boxed e-con e-parent\" data-id=\"f19abdf\" data-element_type=\"container\" data-e-type=\"container\">\n\t\t\t\t\t<div class=\"e-con-inner\">\n\t\t<div class=\"elementor-element elementor-element-3860866 e-con-full e-flex e-con e-child\" data-id=\"3860866\" data-element_type=\"container\" data-e-type=\"container\">\n\t\t\t\t<div class=\"elementor-element elementor-element-d6c057b elementor-widget elementor-widget-text-editor\" data-id=\"d6c057b\" data-element_type=\"widget\" data-e-type=\"widget\" data-widget_type=\"text-editor.default\">\n\t\t\t\t\t\t\t\t\t<p data-start=\"224\" data-end=\"414\"><span style=\"color: #ffffff;\">Soy <strong data-start=\"228\" data-end=\"243\">Jorge Rolon<\/strong>, fundador de <strong data-start=\"257\" data-end=\"282\">J&amp;D Instala y Reforma<\/strong>.<\/span><br data-start=\"283\" data-end=\"286\" \/><span style=\"color: #ffffff;\">Trabajo personalmente en cada proyecto porque creo en una forma de trabajar clara, responsable y bien hecha desde el primer d\u00eda.<\/span><\/p><p data-start=\"416\" data-end=\"703\"><span style=\"color: #ffffff;\">Me form\u00e9 como <strong data-start=\"430\" data-end=\"486\">t\u00e9cnico en electricidad de baja tensi\u00f3n en Barcelona<\/strong> y cuento con experiencia real en obra, instalaciones y reformas integrales. No subcontrato ni delego lo importante: hablas directamente conmigo, quien eval\u00faa el trabajo, lo presupuesta y lo ejecuta junto a su equipo.<\/span><\/p><p data-start=\"705\" data-end=\"925\"><span style=\"color: #ffffff;\">Mi objetivo es sencillo: <strong data-start=\"730\" data-end=\"788\">soluciones bien hechas, a precio justo y sin sorpresas<\/strong>. Cumplo plazos, explico cada paso del proceso y dejo todo por escrito para que tengas tranquilidad antes, durante y despu\u00e9s del trabajo.<\/span><\/p><p data-start=\"927\" data-end=\"1111\"><span style=\"color: #ffffff;\">En <strong data-start=\"930\" data-end=\"955\">J&amp;D Instala y Reforma<\/strong> no vendemos promesas, vendemos resultados.<\/span><br data-start=\"998\" data-end=\"1001\" \/><span style=\"color: #ffffff;\">Profesionalidad, compromiso y trabajos que duran. As\u00ed es como trabajo y as\u00ed es como quiero que me recomienden.<\/span><\/p><p data-start=\"927\" data-end=\"1111\"><span style=\"text-decoration: underline; color: #059ced;\"><a style=\"color: #059ced; text-decoration: underline;\" href=\"https:\/\/jdinstalayreforma.com\/wp-content\/uploads\/2026\/04\/PLAN-DE-NEGOCIO-JD-INSTALA-Y-REFORMA.pdf\" target=\"_blank\" rel=\"noopener\">VER PLAN DE NEGOCIO<\/a><\/span><\/p>\t\t\t\t\t\t\t\t<\/div>\n\t\t\t\t<\/div>\n\t\t<div class=\"elementor-element elementor-element-c7bec50 e-con-full e-flex e-con e-child\" data-id=\"c7bec50\" data-element_type=\"container\" data-e-type=\"container\">\n\t\t\t\t<div class=\"elementor-element elementor-element-58efa5f elementor-widget elementor-widget-image\" data-id=\"58efa5f\" data-element_type=\"widget\" data-e-type=\"widget\" data-widget_type=\"image.default\">\n\t\t\t\t\t\t\t\t\t\t\t\t\t\t\t<img fetchpriority=\"high\" decoding=\"async\" width=\"800\" height=\"800\" src=\"https:\/\/jdinstalayreforma.com\/wp-content\/uploads\/2026\/01\/01_0001_manual-worker-grinding-metal-steel-objects-workshop-with-tools.jpg\" class=\"attachment-large size-large wp-image-65\" alt=\"\" srcset=\"https:\/\/jdinstalayreforma.com\/wp-content\/uploads\/2026\/01\/01_0001_manual-worker-grinding-metal-steel-objects-workshop-with-tools.jpg 800w, https:\/\/jdinstalayreforma.com\/wp-content\/uploads\/2026\/01\/01_0001_manual-worker-grinding-metal-steel-objects-workshop-with-tools-300x300.jpg 300w, https:\/\/jdinstalayreforma.com\/wp-content\/uploads\/2026\/01\/01_0001_manual-worker-grinding-metal-steel-objects-workshop-with-tools-150x150.jpg 150w\" sizes=\"100vw\" \/>\t\t\t\t\t\t\t\t\t\t\t\t\t\t\t<\/div>\n\t\t\t\t<\/div>\n\t\t\t\t\t<\/div>\n\t\t\t\t<\/div>\n\t\t<div class=\"elementor-element elementor-element-eb4d8f9 e-flex e-con-boxed e-con e-parent\" data-id=\"eb4d8f9\" data-element_type=\"container\" data-e-type=\"container\">\n\t\t\t\t\t<div class=\"e-con-inner\">\n\t\t\t\t<div class=\"elementor-element elementor-element-9d9a44b elementor-widget elementor-widget-spacer\" data-id=\"9d9a44b\" data-element_type=\"widget\" data-e-type=\"widget\" data-widget_type=\"spacer.default\">\n\t\t\t\t\t\t\t<div class=\"elementor-spacer\">\n\t\t\t<div class=\"elementor-spacer-inner\"><\/div>\n\t\t<\/div>\n\t\t\t\t\t\t<\/div>\n\t\t\t\t\t<\/div>\n\t\t\t\t<\/div>\n\t\t<div class=\"elementor-element elementor-element-2b5adf8 e-flex e-con-boxed e-con e-parent\" data-id=\"2b5adf8\" data-element_type=\"container\" data-e-type=\"container\">\n\t\t\t\t\t<div class=\"e-con-inner\">\n\t\t\t\t<div class=\"elementor-element elementor-element-c4988e3 elementor-widget elementor-widget-button\" data-id=\"c4988e3\" data-element_type=\"widget\" data-e-type=\"widget\" data-widget_type=\"button.default\">\n\t\t\t\t\t\t\t\t\t\t<a class=\"elementor-button elementor-button-link elementor-size-sm\" href=\"https:\/\/wa.me\/34645913662?text=Hola%2C%20quiero%20m%C3%A1s%20informaci%C3%B3n\">\n\t\t\t\t\t\t<span class=\"elementor-button-content-wrapper\">\n\t\t\t\t\t\t\t\t\t<span class=\"elementor-button-text\">Pedir presupuesto<\/span>\n\t\t\t\t\t<\/span>\n\t\t\t\t\t<\/a>\n\t\t\t\t\t\t\t\t<\/div>\n\t\t\t\t\t<\/div>\n\t\t\t\t<\/div>\n\t\t<div class=\"elementor-element elementor-element-2efdac2 e-flex e-con-boxed e-con e-parent\" data-id=\"2efdac2\" data-element_type=\"container\" data-e-type=\"container\">\n\t\t\t\t\t<div class=\"e-con-inner\">\n\t\t\t\t<div class=\"elementor-element elementor-element-01bc152 elementor-widget elementor-widget-spacer\" data-id=\"01bc152\" data-element_type=\"widget\" data-e-type=\"widget\" data-widget_type=\"spacer.default\">\n\t\t\t\t\t\t\t<div class=\"elementor-spacer\">\n\t\t\t<div class=\"elementor-spacer-inner\"><\/div>\n\t\t<\/div>\n\t\t\t\t\t\t<\/div>\n\t\t\t\t\t<\/div>\n\t\t\t\t<\/div>\n\t\t\t\t<\/div>\n\t\t","protected":false},"excerpt":{"rendered":"<p>Qui\u00e9n soy Soy Jorge Rolon, fundador de J&amp;D Instala y Reforma.Trabajo personalmente en cada proyecto porque creo en una forma de trabajar clara, responsable y bien hecha desde el primer d\u00eda. Me form\u00e9 como t\u00e9cnico en electricidad de baja tensi\u00f3n en Barcelona y cuento con experiencia real en obra, instalaciones y reformas integrales. No subcontrato &hellip; <\/p>\n<p class=\"link-more\"><a href=\"https:\/\/jdinstalayreforma.com\/index.php\/quien-soy\/\" class=\"more-link\">Leer m\u00e1s<span class=\"screen-reader-text\"> \u00abQui\u00e9n soy\u00bb<\/span><\/a><\/p>\n","protected":false},"author":1,"featured_media":0,"parent":0,"menu_order":0,"comment_status":"closed","ping_status":"closed","template":"","meta":{"inspiro_hide_title":false,"footnotes":""},"class_list":["post-35","page","type-page","status-publish","hentry"],"_links":{"self":[{"href":"https:\/\/jdinstalayreforma.com\/index.php\/wp-json\/wp\/v2\/pages\/35","targetHints":{"allow":["GET"]}}],"collection":[{"href":"https:\/\/jdinstalayreforma.com\/index.php\/wp-json\/wp\/v2\/pages"}],"about":[{"href":"https:\/\/jdinstalayreforma.com\/index.php\/wp-json\/wp\/v2\/types\/page"}],"author":[{"embeddable":true,"href":"https:\/\/jdinstalayreforma.com\/index.php\/wp-json\/wp\/v2\/users\/1"}],"replies":[{"embeddable":true,"href":"https:\/\/jdinstalayreforma.com\/index.php\/wp-json\/wp\/v2\/comments?post=35"}],"version-history":[{"count":76,"href":"https:\/\/jdinstalayreforma.com\/index.php\/wp-json\/wp\/v2\/pages\/35\/revisions"}],"predecessor-version":[{"id":1022,"href":"https:\/\/jdinstalayreforma.com\/index.php\/wp-json\/wp\/v2\/pages\/35\/revisions\/1022"}],"wp:attachment":[{"href":"https:\/\/jdinstalayreforma.com\/index.php\/wp-json\/wp\/v2\/media?parent=35"}],"curies":[{"name":"wp","href":"https:\/\/api.w.org\/{rel}","templated":true}]}}